{"id":448,"date":"2008-10-28T21:28:12","date_gmt":"2008-10-28T20:28:12","guid":{"rendered":"http:\/\/steffisblog.ch\/wordpress\/?page_id=448"},"modified":"2013-11-13T12:43:10","modified_gmt":"2013-11-13T11:43:10","slug":"tres-caballeras-loca","status":"publish","type":"page","link":"https:\/\/steffisblog.ch\/wordpress\/?page_id=448","title":{"rendered":"Tres Caballeras Locas"},"content":{"rendered":"<p>Darf ich unser Team vorstellen:<\/p>\n<p>Die Tres Caballeras Locas, das sind Tanja Heuberger mit No Chick Olena, Aline Zollinger mit\u00a0 Jamun und meine Wenigkeit mit Frenesy du Buat.<\/p>\n<p>Tanja &amp; Olena &#8211; Details folgen&#8230;<\/p>\n<p><a href=\"http:\/\/steffisblog.ch\/wordpress\/wp-content\/uploads\/2008\/09\/olena-in-action.jpg\"><img loading=\"lazy\" decoding=\"async\" class=\"alignnone size-medium wp-image-384\" alt=\"\" src=\"http:\/\/steffisblog.ch\/wordpress\/wp-content\/uploads\/2008\/09\/olena-in-action.jpg\" width=\"300\" height=\"200\" \/><\/a><\/p>\n<p>Aline &amp; Jamun &#8211; Details folgen&#8230;<\/p>\n<p><a href=\"http:\/\/steffisblog.ch\/wordpress\/wp-content\/uploads\/2008\/10\/jamunstart1.jpg\"><img loading=\"lazy\" decoding=\"async\" class=\"alignnone size-thumbnail wp-image-453\" title=\"Sarnen 08\" alt=\"\" src=\"http:\/\/steffisblog.ch\/wordpress\/wp-content\/uploads\/2008\/10\/jamunstart1-150x150.jpg\" width=\"150\" height=\"150\" \/><\/a><\/p>\n<p>Steffi &amp; Fr\u00e4sy<\/p>\n<p><a href=\"http:\/\/steffisblog.ch\/wordpress\/wp-content\/uploads\/2008\/10\/frasyfullspeed1.jpg\"><img loading=\"lazy\" decoding=\"async\" class=\"alignnone size-thumbnail wp-image-454\" title=\"Sarnen 08\" alt=\"\" src=\"http:\/\/steffisblog.ch\/wordpress\/wp-content\/uploads\/2008\/10\/frasyfullspeed1-150x150.jpg\" width=\"150\" height=\"150\" \/><\/a><\/p>\n<p>Ich habe Tanja per Zufall durch ein Inserat im Internet kennengelernt. Sie hat mich spontan zu nem Rindli-Kurs eingeladen und seither sind Fr\u00e4sy und ich Feuer und Flamme f\u00fcr diese Disziplin. Nat\u00fcrlich h\u00e4tte ich als &#8222;Klassisch&#8220;-Reiterin nicht im Traum daran gedacht, dass wir eines Tages auch auf solche Turniere gehen w\u00fcrden, aber Tanja konnte uns alle f\u00fcr unsere erste Turnierteilnahme gewinnen. So feuerten wir 2006 in Sarnen den Startschuss f\u00fcr unsere Karriere als Cowgirls und sind seither schon an einigen Turnieren mitgeritten. Ich bin mega froh, so lockere &amp; l\u00e4ssige Teamkolleginnen zu haben und freue mich auf die weiteren Streiche der TCL &#8230;<\/p>\n","protected":false},"excerpt":{"rendered":"<p>Darf ich unser Team vorstellen: Die Tres Caballeras Locas, das sind Tanja Heuberger mit No Chick Olena, Aline Zollinger mit\u00a0 Jamun und meine Wenigkeit mit Frenesy du Buat. Tanja &amp; Olena &#8211; Details folgen&#8230; Aline &amp; Jamun &#8211; Details folgen&#8230; Steffi &amp; Fr\u00e4sy Ich habe Tanja per Zufall durch ein Inserat im Internet kennengelernt. Sie [&hellip;]<\/p>\n","protected":false},"author":1,"featured_media":0,"parent":0,"menu_order":0,"comment_status":"open","ping_status":"open","template":"","meta":{"footnotes":""},"class_list":["post-448","page","type-page","status-publish","hentry"],"_links":{"self":[{"href":"https:\/\/steffisblog.ch\/wordpress\/index.php?rest_route=\/wp\/v2\/pages\/448","targetHints":{"allow":["GET"]}}],"collection":[{"href":"https:\/\/steffisblog.ch\/wordpress\/index.php?rest_route=\/wp\/v2\/pages"}],"about":[{"href":"https:\/\/steffisblog.ch\/wordpress\/index.php?rest_route=\/wp\/v2\/types\/page"}],"author":[{"embeddable":true,"href":"https:\/\/steffisblog.ch\/wordpress\/index.php?rest_route=\/wp\/v2\/users\/1"}],"replies":[{"embeddable":true,"href":"https:\/\/steffisblog.ch\/wordpress\/index.php?rest_route=%2Fwp%2Fv2%2Fcomments&post=448"}],"version-history":[{"count":7,"href":"https:\/\/steffisblog.ch\/wordpress\/index.php?rest_route=\/wp\/v2\/pages\/448\/revisions"}],"predecessor-version":[{"id":1968,"href":"https:\/\/steffisblog.ch\/wordpress\/index.php?rest_route=\/wp\/v2\/pages\/448\/revisions\/1968"}],"wp:attachment":[{"href":"https:\/\/steffisblog.ch\/wordpress\/index.php?rest_route=%2Fwp%2Fv2%2Fmedia&parent=448"}],"curies":[{"name":"wp","href":"https:\/\/api.w.org\/{rel}","templated":true}]}}