{"id":152,"date":"2007-10-18T19:00:30","date_gmt":"2007-10-18T18:00:30","guid":{"rendered":"http:\/\/steffisblog.ch\/wordpress\/?page_id=152"},"modified":"2013-11-13T12:52:15","modified_gmt":"2013-11-13T11:52:15","slug":"warum-ein-freilaufstall","status":"publish","type":"page","link":"https:\/\/steffisblog.ch\/wordpress\/?page_id=152","title":{"rendered":"Warum ein Freilaufstall"},"content":{"rendered":"<p>Pferde sind Herden-, Lauf- und Fluchttiere, die ein nat\u00fcrliches Bed\u00fcrfniss nach Licht, Luft und Sozialkontakt haben. Sie sind also keine H\u00f6hlenbewohner wie wir Menschen, sondern brauchen Platz, Artgenossen und frische Luft, um gl\u00fccklich zu sein. Leider wir dieser Tatsache in unseren Breitengraden viel zu wenig Beachtung geschenkt, und oftmals leben unsere Vierbeiner in zugegitterten Boxen ein trostloses Dasein.<\/p>\n<p>Ein idealer (Freilauf-)Stall bietet viele Bewegungsanreize, Sozialpartner zuf Fellpflege, zum gemeinsamen D\u00f6sen und Schlafen, viel Platz zum Spielen und um den nat\u00fcrlichen Bewegungsdrang auszuleben und nat\u00fcrlich gen\u00fcgend Umweltreize (Licht, Luft, Temperaturschwankungen). Daneben braucht aber auch jedes Tier gen\u00fcgen R\u00fcckzugsm\u00f6glichkeiten, damit auch rangniedrige Tiere ein stressfreies Offenstallleben geniessen k\u00f6nnen. Je mehr Platz es also gibt, desto besser.<\/p>\n<p>Die F\u00fctterung sollte auch soweit wie m\u00f6glich den nat\u00fcrlichen Bed\u00fcrfnissen angepasst werden: d.h. m\u00f6glichst viele Stunden am Tag soll eine Futteraufnahme gew\u00e4hrleistet werden. Am besten gelingt das mittels engmaschigen Heunetzen, in welchen das Raufutter rund um die Uhr angeboten werden kann.<\/p>\n","protected":false},"excerpt":{"rendered":"<p>Pferde sind Herden-, Lauf- und Fluchttiere, die ein nat\u00fcrliches Bed\u00fcrfniss nach Licht, Luft und Sozialkontakt haben. Sie sind also keine H\u00f6hlenbewohner wie wir Menschen, sondern brauchen Platz, Artgenossen und frische Luft, um gl\u00fccklich zu sein. Leider wir dieser Tatsache in unseren Breitengraden viel zu wenig Beachtung geschenkt, und oftmals leben unsere Vierbeiner in zugegitterten Boxen [&hellip;]<\/p>\n","protected":false},"author":1,"featured_media":0,"parent":0,"menu_order":0,"comment_status":"open","ping_status":"open","template":"","meta":{"footnotes":""},"class_list":["post-152","page","type-page","status-publish","hentry"],"_links":{"self":[{"href":"https:\/\/steffisblog.ch\/wordpress\/index.php?rest_route=\/wp\/v2\/pages\/152","targetHints":{"allow":["GET"]}}],"collection":[{"href":"https:\/\/steffisblog.ch\/wordpress\/index.php?rest_route=\/wp\/v2\/pages"}],"about":[{"href":"https:\/\/steffisblog.ch\/wordpress\/index.php?rest_route=\/wp\/v2\/types\/page"}],"author":[{"embeddable":true,"href":"https:\/\/steffisblog.ch\/wordpress\/index.php?rest_route=\/wp\/v2\/users\/1"}],"replies":[{"embeddable":true,"href":"https:\/\/steffisblog.ch\/wordpress\/index.php?rest_route=%2Fwp%2Fv2%2Fcomments&post=152"}],"version-history":[{"count":2,"href":"https:\/\/steffisblog.ch\/wordpress\/index.php?rest_route=\/wp\/v2\/pages\/152\/revisions"}],"predecessor-version":[{"id":1972,"href":"https:\/\/steffisblog.ch\/wordpress\/index.php?rest_route=\/wp\/v2\/pages\/152\/revisions\/1972"}],"wp:attachment":[{"href":"https:\/\/steffisblog.ch\/wordpress\/index.php?rest_route=%2Fwp%2Fv2%2Fmedia&parent=152"}],"curies":[{"name":"wp","href":"https:\/\/api.w.org\/{rel}","templated":true}]}}