{"id":151,"date":"2007-10-18T18:58:26","date_gmt":"2007-10-18T17:58:26","guid":{"rendered":"http:\/\/steffisblog.ch\/wordpress\/?page_id=151"},"modified":"2013-11-13T12:41:43","modified_gmt":"2013-11-13T11:41:43","slug":"barfuss-mit-hufschuhen-kontra-hufeisen","status":"publish","type":"page","link":"https:\/\/steffisblog.ch\/wordpress\/?page_id=151","title":{"rendered":"Barfuss mit Hufschuhen kontra Hufeisen"},"content":{"rendered":"<p class=\"meta\">Posted in <a title=\"Alle Beitr\u00c3\u00a4ge in Allgemein ansehen\" href=\"http:\/\/steffisblog.ch\/wordpress\/\/?cat=1\" rel=\"category\">Allgemein<\/a> at 14:58 von Luke<\/p>\n<p><img decoding=\"async\" id=\"image9\" alt=\"Hufeisen2.jpg\" src=\"http:\/\/steffisblog.ch\/wordpress\/wp-content\/uploads\/2006\/03\/Hufeisen2.jpg\" \/><\/p>\n<p>Wie bei so vielen Dingen gibt es zu dieser Streitfrage sehr viele verschiedene Meinungen. Klar ist, dass ein Eisen immer ein Fremdk\u00f6rper sein wird f\u00fcr den Pferdehuf, und dass die Beschaffenheit und das Reibungsverhalten gegen\u00fcber dem Boden dem Hufhorn \u00fcberhaupt nicht \u00e4hnlich sind. Auch sollte man sich fragen, ob f\u00fcr die kurze Zeit, in der man das Pferd unter dem Sattel nutzt, wirklich ein dauerhafter Hufschutz n\u00f6tig ist. Mir pers\u00f6nlich liegt einfach am Herzen, dass man trotz der gebildeten Meinung tolerant gegen\u00fcber anderer Ansichten bleibt. Schlussendlich soll ja das Pferd schmerzfrei und zufrieden gehen k\u00f6nnen &#8211; mit oder ohne Hufschutz!<\/p>\n","protected":false},"excerpt":{"rendered":"<p>Posted in Allgemein at 14:58 von Luke Wie bei so vielen Dingen gibt es zu dieser Streitfrage sehr viele verschiedene Meinungen. Klar ist, dass ein Eisen immer ein Fremdk\u00f6rper sein wird f\u00fcr den Pferdehuf, und dass die Beschaffenheit und das Reibungsverhalten gegen\u00fcber dem Boden dem Hufhorn \u00fcberhaupt nicht \u00e4hnlich sind. Auch sollte man sich fragen, [&hellip;]<\/p>\n","protected":false},"author":1,"featured_media":0,"parent":0,"menu_order":0,"comment_status":"open","ping_status":"open","template":"","meta":{"footnotes":""},"class_list":["post-151","page","type-page","status-publish","hentry"],"_links":{"self":[{"href":"https:\/\/steffisblog.ch\/wordpress\/index.php?rest_route=\/wp\/v2\/pages\/151","targetHints":{"allow":["GET"]}}],"collection":[{"href":"https:\/\/steffisblog.ch\/wordpress\/index.php?rest_route=\/wp\/v2\/pages"}],"about":[{"href":"https:\/\/steffisblog.ch\/wordpress\/index.php?rest_route=\/wp\/v2\/types\/page"}],"author":[{"embeddable":true,"href":"https:\/\/steffisblog.ch\/wordpress\/index.php?rest_route=\/wp\/v2\/users\/1"}],"replies":[{"embeddable":true,"href":"https:\/\/steffisblog.ch\/wordpress\/index.php?rest_route=%2Fwp%2Fv2%2Fcomments&post=151"}],"version-history":[{"count":4,"href":"https:\/\/steffisblog.ch\/wordpress\/index.php?rest_route=\/wp\/v2\/pages\/151\/revisions"}],"predecessor-version":[{"id":1966,"href":"https:\/\/steffisblog.ch\/wordpress\/index.php?rest_route=\/wp\/v2\/pages\/151\/revisions\/1966"}],"wp:attachment":[{"href":"https:\/\/steffisblog.ch\/wordpress\/index.php?rest_route=%2Fwp%2Fv2%2Fmedia&parent=151"}],"curies":[{"name":"wp","href":"https:\/\/api.w.org\/{rel}","templated":true}]}}