{"id":140,"date":"2007-10-07T19:57:53","date_gmt":"2007-10-07T18:57:53","guid":{"rendered":"http:\/\/steffisblog.ch\/wordpress\/?page_id=140"},"modified":"2014-01-22T11:45:03","modified_gmt":"2014-01-22T10:45:03","slug":"reitunterricht-bei-steffi","status":"publish","type":"page","link":"https:\/\/steffisblog.ch\/wordpress\/?page_id=140","title":{"rendered":"Reitunterricht bei Steffi"},"content":{"rendered":"<p>Ich biete in einem kleinen Rahmen Reitunterricht f\u00fcr interessierte Equidenfreunde an. Ob Sitzlonge, freies Reiten auf dem Reitplatz,\u00a0Boden- oder Handarbeit, \u00a0Arbeiten an einem konkreten Problem oder auch Ausreiten, ich versuche jeweils auf die W\u00fcnsche und Bed\u00fcrfnisse meiner Reitsch\u00fcler einzugehen und sie dort abzuholen, wo sie im Moment stehen. Wichtig ist mir eine entspannte Lernatmosph\u00e4re, der Wille zu Lernen und sich auf das Pferd einzulassen. Denn meistens sind ja wir die Ursache f\u00fcr allf\u00e4llige Differenzen zwischen Mensch und Pferd&#8230;<\/p>\n<p><strong>Preise<\/strong><\/p>\n<p>1 Lektion = 30 min reiten, Handarbeit, Sitzlonge, Longieren, Doppellonge, Bodenarbeit etc. Fr. 40.-<\/p>\n<p>Ausreiten ca. 60 min Fr. 40.-<\/p>\n<p>Ich komme gerne auch zu euch in den Stall, w\u00fcrde dann den Preis je nach Fahrkilometer anpassen.<\/p>\n<p><a title=\"Noemi &amp; Frenesy\" href=\"http:\/\/steffisblog.ch\/wordpress\/wp-content\/uploads\/2008\/02\/noemifrasy.JPG\"><img decoding=\"async\" alt=\"\" src=\"http:\/\/steffisblog.ch\/wordpress\/wp-content\/uploads\/2008\/02\/noemifrasy.thumbnail.JPG\" \/><\/a> <a title=\"Bianca &amp; Thommy\" href=\"http:\/\/steffisblog.ch\/wordpress\/wp-content\/uploads\/2008\/02\/biancathommy.JPG\"><img decoding=\"async\" alt=\"\" src=\"http:\/\/steffisblog.ch\/wordpress\/wp-content\/uploads\/2008\/02\/biancathommy.thumbnail.JPG\" \/> <\/a><a title=\"Janica &amp; Nemo\" href=\"http:\/\/steffisblog.ch\/wordpress\/wp-content\/uploads\/2008\/10\/dsc00511.JPG\"><img decoding=\"async\" alt=\"\" src=\"http:\/\/steffisblog.ch\/wordpress\/wp-content\/uploads\/2008\/10\/dsc00511.thumbnail.JPG\" \/> <\/a><a title=\"Janica &amp; Thommy\" href=\"http:\/\/steffisblog.ch\/wordpress\/wp-content\/uploads\/2008\/10\/dsc00468.JPG\"><img decoding=\"async\" alt=\"\" src=\"http:\/\/steffisblog.ch\/wordpress\/wp-content\/uploads\/2008\/10\/dsc00468.thumbnail.JPG\" \/> <\/a><a title=\"Lara &amp; Thommy\" href=\"http:\/\/steffisblog.ch\/wordpress\/wp-content\/uploads\/2008\/10\/dsc00490.JPG\"><img decoding=\"async\" alt=\"\" src=\"http:\/\/steffisblog.ch\/wordpress\/wp-content\/uploads\/2008\/10\/dsc00490.thumbnail.JPG\" \/> <\/a><a href=\"http:\/\/steffisblog.ch\/wordpress\/wp-content\/uploads\/2008\/11\/dsc00536.jpg\"><img loading=\"lazy\" decoding=\"async\" class=\"alignnone size-thumbnail wp-image-520\" title=\"Madeleine &amp; Soraya\" alt=\"\" src=\"http:\/\/steffisblog.ch\/wordpress\/wp-content\/uploads\/2008\/11\/dsc00536-150x150.jpg\" width=\"150\" height=\"150\" \/><\/a><\/p>\n","protected":false},"excerpt":{"rendered":"<p>Ich biete in einem kleinen Rahmen Reitunterricht f\u00fcr interessierte Equidenfreunde an. Ob Sitzlonge, freies Reiten auf dem Reitplatz,\u00a0Boden- oder Handarbeit, \u00a0Arbeiten an einem konkreten Problem oder auch Ausreiten, ich versuche jeweils auf die W\u00fcnsche und Bed\u00fcrfnisse meiner Reitsch\u00fcler einzugehen und sie dort abzuholen, wo sie im Moment stehen. Wichtig ist mir eine entspannte Lernatmosph\u00e4re, der [&hellip;]<\/p>\n","protected":false},"author":1,"featured_media":0,"parent":0,"menu_order":0,"comment_status":"open","ping_status":"open","template":"","meta":{"footnotes":""},"class_list":["post-140","page","type-page","status-publish","hentry"],"_links":{"self":[{"href":"https:\/\/steffisblog.ch\/wordpress\/index.php?rest_route=\/wp\/v2\/pages\/140","targetHints":{"allow":["GET"]}}],"collection":[{"href":"https:\/\/steffisblog.ch\/wordpress\/index.php?rest_route=\/wp\/v2\/pages"}],"about":[{"href":"https:\/\/steffisblog.ch\/wordpress\/index.php?rest_route=\/wp\/v2\/types\/page"}],"author":[{"embeddable":true,"href":"https:\/\/steffisblog.ch\/wordpress\/index.php?rest_route=\/wp\/v2\/users\/1"}],"replies":[{"embeddable":true,"href":"https:\/\/steffisblog.ch\/wordpress\/index.php?rest_route=%2Fwp%2Fv2%2Fcomments&post=140"}],"version-history":[{"count":8,"href":"https:\/\/steffisblog.ch\/wordpress\/index.php?rest_route=\/wp\/v2\/pages\/140\/revisions"}],"predecessor-version":[{"id":2035,"href":"https:\/\/steffisblog.ch\/wordpress\/index.php?rest_route=\/wp\/v2\/pages\/140\/revisions\/2035"}],"wp:attachment":[{"href":"https:\/\/steffisblog.ch\/wordpress\/index.php?rest_route=%2Fwp%2Fv2%2Fmedia&parent=140"}],"curies":[{"name":"wp","href":"https:\/\/api.w.org\/{rel}","templated":true}]}}