{"id":139,"date":"2007-10-07T19:56:03","date_gmt":"2007-10-07T18:56:03","guid":{"rendered":"http:\/\/steffisblog.ch\/wordpress\/?page_id=139"},"modified":"2017-05-17T07:44:28","modified_gmt":"2017-05-17T06:44:28","slug":"uber-mich","status":"publish","type":"page","link":"https:\/\/steffisblog.ch\/wordpress\/?page_id=139","title":{"rendered":"\u00dcber mich"},"content":{"rendered":"<p>Tja, die lieben Vierbeiner haben mich und meine Schwester schon von Kindesbein an in Beschlag genommen, allerdings durften wir erst mit 10 Jahren in den Reitunterricht (im Reitstall Acher am See in Ober\u00e4geri). Dort genossen wir eine ganz konventionelle (und zumal auch lautstarke) Ausbildung in der englischen Reitweise und absolvierten 1992 das Reitbrevet im Reitzentrum Sihlbrugg.<\/p>\n<p>Dank verschiedenen Inputs von aussen merkten wir bald, dass es ausserhalb dieser grossen Reitst\u00e4lle ein durchaus pferde- und auch reiterfreundlichere Art und Weise gibt, reiten zu lernen und auch zu praktizieren. So wurden wir zunehmend kritischer gegen\u00fcber den dazumal \u00fcblichen Umgangsformen zwischen Reiter und Pferd und hatten bald unsere eigenen Ideen zu diesem Thema. Bald schon erm\u00f6glichten uns unsere Eltern das erste eigene Pferd, Dublin Dancer. Der Arme musste f\u00fcr alle unsere Anf\u00e4nger-Fehler den Kopf hinhalten, doch durch sein nicht immer einfaches Wesen konnten wir enorm viel von und mit ihm lernen.<\/p>\n<p>Durch die Ausbildung meiner Schwester zur Freizeitreitlehrerin im Mascot Ausbildungszentrum (jetzt <a href=\"http:\/\/www.sintakt.ch\">Sintakt AG<\/a>) kamen weitere horizonterweiternde Ansichten zum Thema Mensch und Pferd dazu. Von TTEAM Arbeit \u00fcber das longenunabh\u00c3\u00a4ngige Longieren, Sitzlongen-Arbeit und klassische Reitkunst nach Richard Hinrichs, Unterricht auf NLP Basis und Centred Riding konnte auch ich einige Kurse mitmachen. Vieles habe ich zwar nur ansatzweise mitbekommen, und doch machte es mich &#8222;gwundrig&#8220; auf die vielen verschiedenen Arten, wie man mit Pferden arbeiten kann. Was mir gef\u00e4llt, versuche ich zu vertiefen, doch auch die Methoden, die mir nicht so zusagen, versuche ich zu verstehen.<\/p>\n<p>Das ist auch bis heute so geblieben und hilft mir grad bei &#8222;eingefleischten&#8220; Problemen zwischen Reiter und Pferd, das Problem mal von einer ganz anderen Seite zu betrachten und anzugehen.<\/p>\n<p>Nat\u00fcrlich gibt es noch viele viele Dinge, die ich lernen muss. Aber das ist ja gerade der Reiz am Reiten und am Umgang mit den Equiden. Und nat\u00fcrlich gehe ich auch immer noch regelm\u00e4ssig in die Reitstunde (man hat ja bekanntlich nie ausgelernt), nehme Kurse bei <a href=\"http:\/\/www.ruth-giffels.de\" target=\"_blank\" rel=\"noopener noreferrer\">Ruth Giffels<\/a>, <a href=\"http:\/\/www.evaweber.ch\" target=\"_blank\" rel=\"noopener noreferrer\">Eva Weber,\u00a0<\/a>und weiteren Trainern, und versuche so mit meinen Tieren der vollkommenen Reitkunst ein St\u00fcckchen n\u00e4her zu kommen.<\/p>\n<p><a class=\"imagelink\" title=\"steffi top.jpg\" href=\"http:\/\/steffisblog.ch\/wordpress\/wp-content\/uploads\/2007\/08\/steffi%20top.jpg\"><img decoding=\"async\" id=\"image117\" src=\"http:\/\/steffisblog.ch\/wordpress\/wp-content\/uploads\/2007\/08\/steffi%20top.thumbnail.jpg\" alt=\"steffi top.jpg\" \/><\/a> <a class=\"imagelink\" title=\"nepi gerade.jpg\" href=\"http:\/\/steffisblog.ch\/wordpress\/wp-content\/uploads\/2007\/04\/nepi%20gerade.jpg\"><img loading=\"lazy\" decoding=\"async\" id=\"image80\" src=\"http:\/\/steffisblog.ch\/wordpress\/wp-content\/uploads\/2007\/04\/nepi%20gerade.thumbnail.jpg\" alt=\"nepi gerade.jpg\" width=\"136\" height=\"93\" \/> <\/a><a class=\"imagelink\" title=\"PICT0103.JPG\" href=\"http:\/\/steffisblog.ch\/wordpress\/wp-content\/uploads\/2006\/11\/PICT0103.JPG\"><img decoding=\"async\" id=\"image65\" src=\"http:\/\/steffisblog.ch\/wordpress\/wp-content\/uploads\/2006\/11\/PICT0103.thumbnail.JPG\" alt=\"PICT0103.JPG\" \/><\/a> <a class=\"imagelink\" title=\"miwo1.jpg\" href=\"http:\/\/steffisblog.ch\/wordpress\/wp-content\/uploads\/2006\/08\/miwo1.jpg\"><img decoding=\"async\" id=\"image34\" src=\"http:\/\/steffisblog.ch\/wordpress\/wp-content\/uploads\/2006\/08\/miwo1.thumbnail.jpg\" alt=\"miwo1.jpg\" \/><\/a> <a class=\"imagelink\" title=\"C200610080271.jpg\" href=\"http:\/\/steffisblog.ch\/wordpress\/wp-content\/uploads\/2006\/10\/C200610080271.jpg\"><img decoding=\"async\" id=\"image40\" src=\"http:\/\/steffisblog.ch\/wordpress\/wp-content\/uploads\/2006\/10\/C200610080271.thumbnail.jpg\" alt=\"C200610080271.jpg\" \/> <\/a><a class=\"imagelink\" title=\"st-stehend.jpg\" href=\"http:\/\/steffisblog.ch\/wordpress\/wp-content\/uploads\/2007\/08\/st-stehend.jpg\"><img decoding=\"async\" id=\"image115\" src=\"http:\/\/steffisblog.ch\/wordpress\/wp-content\/uploads\/2007\/08\/st-stehend.thumbnail.jpg\" alt=\"st-stehend.jpg\" \/> <\/a><a href=\"http:\/\/steffisblog.ch\/wordpress\/wp-content\/uploads\/2008\/04\/giffels7.jpg\"><img decoding=\"async\" src=\"http:\/\/steffisblog.ch\/wordpress\/wp-content\/uploads\/2008\/04\/giffels7.thumbnail.jpg\" alt=\"\" \/> <\/a><a href=\"http:\/\/steffisblog.ch\/wordpress\/wp-content\/uploads\/2008\/10\/still0005.jpg\"><img decoding=\"async\" src=\"http:\/\/steffisblog.ch\/wordpress\/wp-content\/uploads\/2008\/10\/still0005.thumbnail.jpg\" alt=\"\" \/> <\/a><a href=\"http:\/\/steffisblog.ch\/wordpress\/wp-content\/uploads\/2008\/10\/frasyfullspeed.jpg\"><img decoding=\"async\" src=\"http:\/\/steffisblog.ch\/wordpress\/wp-content\/uploads\/2008\/10\/frasyfullspeed.thumbnail.jpg\" alt=\"\" \/> <\/a><a href=\"http:\/\/steffisblog.ch\/wordpress\/wp-content\/uploads\/2008\/11\/c2008110804731.jpg\"><img loading=\"lazy\" decoding=\"async\" class=\"alignnone size-thumbnail wp-image-524\" title=\"nov 08\" src=\"http:\/\/steffisblog.ch\/wordpress\/wp-content\/uploads\/2008\/11\/c2008110804731-150x150.jpg\" alt=\"\" width=\"84\" height=\"84\" \/> <\/a><a href=\"http:\/\/steffisblog.ch\/wordpress\/wp-content\/uploads\/2009\/06\/conv_img_4938.jpg\"><img loading=\"lazy\" decoding=\"async\" class=\"alignnone size-thumbnail wp-image-758\" title=\"juli 09\" src=\"http:\/\/steffisblog.ch\/wordpress\/wp-content\/uploads\/2009\/06\/conv_img_4938-150x150.jpg\" alt=\"\" width=\"120\" height=\"120\" \/> <\/a><a href=\"http:\/\/steffisblog.ch\/wordpress\/wp-content\/uploads\/2008\/07\/c200807190753.jpg\"><img loading=\"lazy\" decoding=\"async\" class=\"alignnone size-thumbnail wp-image-328\" title=\"Bad im Zugersee\" src=\"http:\/\/steffisblog.ch\/wordpress\/wp-content\/uploads\/2008\/07\/c200807190753.thumbnail.jpg\" alt=\"\" width=\"128\" height=\"85\" \/><\/a>\u00a0<a href=\"http:\/\/steffisblog.ch\/wordpress\/wp-content\/uploads\/2013\/09\/KMU_6486.jpg\"><img loading=\"lazy\" decoding=\"async\" class=\"alignnone size-thumbnail wp-image-1862\" src=\"http:\/\/steffisblog.ch\/wordpress\/wp-content\/uploads\/2013\/09\/KMU_6486-150x150.jpg\" alt=\"Jipiii!\" width=\"150\" height=\"150\" \/><\/a>\u00a0<a href=\"http:\/\/steffisblog.ch\/wordpress\/wp-content\/uploads\/2013\/09\/C2013-08-17-0393.jpg\"><img loading=\"lazy\" decoding=\"async\" class=\"alignnone size-thumbnail wp-image-1944\" src=\"http:\/\/steffisblog.ch\/wordpress\/wp-content\/uploads\/2013\/09\/C2013-08-17-0393-150x150.jpg\" alt=\"Reitkurs Ruth Giffels August 2013\" width=\"150\" height=\"150\" \/><\/a>\u00a0<a href=\"http:\/\/steffisblog.ch\/wordpress\/wp-content\/uploads\/2013\/05\/EjXs3YT2ua0g1F6ucVmOX10BNENBnZlQQVNzBe3hHno.jpg\"><img loading=\"lazy\" decoding=\"async\" class=\"alignnone size-thumbnail wp-image-1796\" src=\"http:\/\/steffisblog.ch\/wordpress\/wp-content\/uploads\/2013\/05\/EjXs3YT2ua0g1F6ucVmOX10BNENBnZlQQVNzBe3hHno-150x150.jpg\" alt=\"und erste Piaffetritte an der Hand\" width=\"150\" height=\"150\" \/><\/a>\u00a0<a href=\"http:\/\/steffisblog.ch\/wordpress\/wp-content\/uploads\/2015\/03\/5-6.jpg\"><img loading=\"lazy\" decoding=\"async\" class=\"alignnone size-thumbnail wp-image-2586\" src=\"http:\/\/steffisblog.ch\/wordpress\/wp-content\/uploads\/2015\/03\/5-6-150x150.jpg\" alt=\"5 (6)\" width=\"150\" height=\"150\" \/><\/a>\u00a0<a href=\"http:\/\/steffisblog.ch\/wordpress\/wp-content\/uploads\/2015\/06\/IMG_4629.jpg\"><img loading=\"lazy\" decoding=\"async\" class=\"alignnone size-thumbnail wp-image-2707\" src=\"http:\/\/steffisblog.ch\/wordpress\/wp-content\/uploads\/2015\/06\/IMG_4629-150x150.jpg\" alt=\"IMG_4629\" width=\"150\" height=\"150\" \/><\/a>\u00a0<a href=\"http:\/\/steffisblog.ch\/wordpress\/wp-content\/uploads\/2015\/07\/IMG_5731.jpg\"><img loading=\"lazy\" decoding=\"async\" class=\"alignnone size-thumbnail wp-image-2799\" src=\"http:\/\/steffisblog.ch\/wordpress\/wp-content\/uploads\/2015\/07\/IMG_5731-150x150.jpg\" alt=\"IMG_5731\" width=\"150\" height=\"150\" \/> <\/a><a href=\"http:\/\/steffisblog.ch\/wordpress\/wp-content\/uploads\/2017\/05\/IMG_0173.jpg\"><img loading=\"lazy\" decoding=\"async\" class=\"alignnone size-thumbnail wp-image-3531\" src=\"http:\/\/steffisblog.ch\/wordpress\/wp-content\/uploads\/2017\/05\/IMG_0173-150x150.jpg\" alt=\"\" width=\"150\" height=\"150\" \/><\/a><\/p>\n<p><strong>Reiterlicher Werdegang (to be continued):<\/strong><\/p>\n<p>1992 Reitbrevet SVPS<\/p>\n<p>1996 erstes eigenes Pferd<\/p>\n<p>seit 1998 regelm\u00e4ssig\u00a0Kurse bei Sintakt mit Ruth Giffels, Andrea Schmitz, Richard Hinrichs<\/p>\n<p>Sept. 2009 Silbertest SVPS<\/p>\n<p>seit 2012 regelm\u00e4ssige Gel\u00e4nde-Kurse mit Eva Weber<\/p>\n<p>&nbsp;<\/p>\n<p>geplant f\u00fcr 2015:<\/p>\n<ul>\n<li>regelm\u00e4ssiges Dual-Training bei Hugo K\u00fcng<\/li>\n<li>Vereinstraining Springen beim <a href=\"http:\/\/www.kvzug.ch\" target=\"_blank\" rel=\"noopener noreferrer\">KV Zug<\/a><\/li>\n<li>Militarytrainings in Avenches mit <a href=\"http:\/\/www.evaweber.ch\" target=\"_blank\" rel=\"noopener noreferrer\">Eva Weber<\/a><\/li>\n<li>Sitzschulungskurse in Zug<\/li>\n<li>Kurse &#8222;Klassische Dressur mit Ruth Giffels&#8220;<\/li>\n<li>2 Wochen Weiterbildung bei <a href=\"http:\/\/www.ruth-giffels.de\" target=\"_blank\" rel=\"noopener noreferrer\">Ruth Giffels <\/a>auf Gut Sch\u00f6nburg<\/li>\n<li>Morgenarbeit auf\u00a0Gut Sch\u00f6nburg<\/li>\n<li>Kurse &#8222;Klassische Dressur mit <a href=\"http:\/\/desmondobrien.de\/\" target=\"_blank\" rel=\"noopener noreferrer\">Desmond o&#8217;Brien<\/a>&#8222;<\/li>\n<li>mind. 2 Wanderritte im Schwarzwald<\/li>\n<li>&#8222;Schulung des Auges&#8220; mit <a href=\"http:\/\/www.zentauer.ch\" target=\"_blank\" rel=\"noopener noreferrer\">Anja und Karin Hass<\/a><\/li>\n<\/ul>\n<p>&nbsp;<\/p>\n<p>&nbsp;<\/p>\n<p>Was ich mag: klassische Dressur, Gel\u00e4ndespr\u00fcnge, Team-Penning und -Sorting, lange, ruhige Galopps im Gel\u00e4nde, einen guten Reitersitz, reflektives Reiten, engagierte Reitsch\u00fcler, den Fehler bei sich suchen und nicht beim Pferd, klar formulierte Ansagen, meine Tiere &#8230; und nat\u00fcrlich Schoggi \ud83d\ude42<\/p>\n","protected":false},"excerpt":{"rendered":"<p>Tja, die lieben Vierbeiner haben mich und meine Schwester schon von Kindesbein an in Beschlag genommen, allerdings durften wir erst mit 10 Jahren in den Reitunterricht (im Reitstall Acher am See in Ober\u00e4geri). Dort genossen wir eine ganz konventionelle (und zumal auch lautstarke) Ausbildung in der englischen Reitweise und absolvierten 1992 das Reitbrevet im Reitzentrum [&hellip;]<\/p>\n","protected":false},"author":1,"featured_media":0,"parent":0,"menu_order":0,"comment_status":"open","ping_status":"open","template":"","meta":{"footnotes":""},"class_list":["post-139","page","type-page","status-publish","hentry"],"_links":{"self":[{"href":"https:\/\/steffisblog.ch\/wordpress\/index.php?rest_route=\/wp\/v2\/pages\/139","targetHints":{"allow":["GET"]}}],"collection":[{"href":"https:\/\/steffisblog.ch\/wordpress\/index.php?rest_route=\/wp\/v2\/pages"}],"about":[{"href":"https:\/\/steffisblog.ch\/wordpress\/index.php?rest_route=\/wp\/v2\/types\/page"}],"author":[{"embeddable":true,"href":"https:\/\/steffisblog.ch\/wordpress\/index.php?rest_route=\/wp\/v2\/users\/1"}],"replies":[{"embeddable":true,"href":"https:\/\/steffisblog.ch\/wordpress\/index.php?rest_route=%2Fwp%2Fv2%2Fcomments&post=139"}],"version-history":[{"count":19,"href":"https:\/\/steffisblog.ch\/wordpress\/index.php?rest_route=\/wp\/v2\/pages\/139\/revisions"}],"predecessor-version":[{"id":3540,"href":"https:\/\/steffisblog.ch\/wordpress\/index.php?rest_route=\/wp\/v2\/pages\/139\/revisions\/3540"}],"wp:attachment":[{"href":"https:\/\/steffisblog.ch\/wordpress\/index.php?rest_route=%2Fwp%2Fv2%2Fmedia&parent=139"}],"curies":[{"name":"wp","href":"https:\/\/api.w.org\/{rel}","templated":true}]}}